{"id":50012,"date":"2024-10-05T15:21:45","date_gmt":"2024-10-05T15:21:45","guid":{"rendered":""},"modified":"2025-01-23T08:40:26","modified_gmt":"2025-01-23T08:40:26","slug":"affiliate-registration","status":"publish","type":"page","link":"https:\/\/jobotinvest.net\/vi\/dang-ky-lien-ket\/","title":{"rendered":"\u0110\u0103ng k\u00fd li\u00ean k\u1ebft"},"content":{"rendered":"<div class=\"wcu-form-section wcu-form-section-free\">\r\n\r\n      \r\n      <p class=\"wcusage-register-form-title\" style=\"font-size: 1.2em;\"><strong>Register New Affiliate Account:<\/strong><\/p>\r\n\r\n      <link rel=\"stylesheet\" href=\"https:\/\/jobotinvest.net\/wp-content\/plugins\/woo-coupon-usage-pro\/fonts\/font-awesome\/css\/all.min.css\" crossorigin=\"anonymous\">\r\n\r\n      \r\n        \r\n        \r\n          <!-- Form -->\r\n          <div class=\"wcu_form_style_1 wcu_form_style_columns\">\r\n          <form method=\"post\" id=\"wcu_form_affiliate_register\" class=\"wcu_form_affiliate_register\" enctype=\"multipart\/form-data\" action=\"\"\r\n          >\r\n\r\n            \r\n              <p class=\"wcu-register-field-col wcu-register-field-col-1\"><label for=\"wcu-input-first-name\">First Name:*<\/label>\r\n                <input type=\"text\" id=\"wcu-input-first-name\" name=\"wcu-input-first-name\" class=\"input-text form-control\" value=\"\" style=\"max-width: 300px;\" required>\r\n              <\/p>\r\n\r\n              <p class=\"wcu-register-field-col wcu-register-field-col-2\"><label for=\"wcu-input-last-name\">Last Name:*<\/label>\r\n                <input type=\"text\" id=\"wcu-input-last-name\" name=\"wcu-input-last-name\" class=\"input-text form-control\" value=\"\" style=\"max-width: 300px;\" required>\r\n              <\/p>\r\n\r\n              \r\n              <p class=\"wcu-register-field-col-email\"><label for=\"wcu-input-email\">Email Address:*<\/label>\r\n                <input type=\"email\" id=\"wcu-input-email\" name=\"wcu-input-email\" class=\"input-text form-control\" value=\"\" style=\"max-width: 300px;\" required>\r\n              <\/p>\r\n\r\n              <div style=\"clear: both;\"><\/div>\r\n\r\n              <p class=\"wcu-register-field-col-password wcu-register-field-col-1\"><label for=\"wcu-input-password\">Password:*<\/label>\r\n                <input type=\"password\" id=\"wcu-input-password\" name=\"wcu-input-password\" class=\"input-text form-control\" value=\"\" style=\"max-width: 300px; display: inline-block;\" required>\r\n              <\/p>\r\n\r\n                            <p class=\"wcu-register-field-col-password-confirm wcu-register-field-col-2\"><label for=\"wcu-input-password-confirm\">Confirm Password:*<\/label>\r\n                <input type=\"password\" id=\"wcu-input-password-confirm\" name=\"wcu-input-password-confirm\" class=\"input-text form-control\" value=\"\" style=\"max-width: 300px; display: inline-block;\" required>\r\n              <\/p>\r\n              \r\n              <div style=\"clear: both;\"><\/div>\r\n\r\n            \r\n            <!-- Preferred Code -->\r\n                                    <p class=\"wcu-register-field-col\"><label for=\"wcu-input-coupon\">Preferred Coupon Code:*<\/label>\r\n              <input type=\"text\" id=\"wcu-input-coupon\" name=\"wcu-input-coupon\" class=\"input-text form-control\" value=\"\" minlength=\"3\" style=\"max-width: 300px;\" required>\r\n            <\/p>\r\n            \r\n            \r\n                                    <!-- HP -->\r\n            <div style=\"display: none;\">\r\n              <label for=\"wcu-input-hp\">Dont put anything here..<\/label>\r\n              <input type=\"text\" id=\"wcu-input-hp\" name=\"wcu-input-hp\" class=\"input-text              form-control\" autocomplete=\"off\" value=\"\">\r\n            <\/div>\r\n            \r\n            <!-- Terms -->\r\n                        <div class=\"wcu-reg-terms\">\r\n              <span style=\"margin-top: 1px; margin-right: 7px;\">\r\n                <input type=\"checkbox\" name=\"reg-checkbox\" value=\"check\" id=\"agree\" style=\"margin: 0;\" required><\/span>\r\n              <span style=\"line-height: 1.5em !important;\">\u0110\u1ecdc <a href=\"https:\/\/jobotinvest.net\/vi\/affiliate-conditions\/\">\u0110i\u1ec1u kho\u1ea3n v\u00e0 \u0111i\u1ec1u ki\u1ec7n \/<\/a>\r\n\r\n<a href=\"https:\/\/jobotinvest.net\/vi\/upload-affiliate-documents\/\">T\u1ea3i l\u00ean t\u00e0i li\u1ec7u<\/a><\/span>\r\n            <\/div>\r\n            \r\n            <div style=\"clear: both;\"><\/div>\r\n\r\n            <!-- Recaptcha -->\r\n                        <p>\r\n            <div class=\"captcha_wrapper\">\r\n                <div class=\"g-recaptcha\" data-sitekey=\"6LeNpMAqAAAAANzoN-eBvmDoXp0S3nYrdhFDvJ1Q\"><\/div>\r\n            <\/div>\r\n            <\/p>\r\n            \r\n            <!-- Turnstile -->\r\n            \r\n            <div style=\"clear: both;\"><\/div>\r\n\r\n            \r\n            <input type=\"hidden\" id=\"wcusage_submit_registration_form1\" name=\"wcusage_submit_registration_form1\" value=\"2019f253ce\" \/><input type=\"hidden\" name=\"_wp_http_referer\" value=\"\/vi\/wp-json\/wp\/v2\/pages\/50012\" \/>            <input type=\"hidden\" id=\"wcusage_submit_registration_form2\" name=\"wcusage_submit_registration_form2\" value=\"070623cd7d\" \/><input type=\"hidden\" name=\"_wp_http_referer\" value=\"\/vi\/wp-json\/wp\/v2\/pages\/50012\" \/>\r\n            <p class=\"wcu-register-form-button\"><input type=\"submit\" class=\"woocommerce-button button\"  id=\"wcu-register-button\" name=\"submitaffiliateapplication\" value=\"Submit Application\"><\/p>\r\n\r\n            <i class=\"register-spinner fa fa-spinner fa-spin\" style=\"display: none; text-align: center; margin: 10px auto; font-size: 20px; width: 40px;\"><\/i>\r\n\r\n            \r\n          <input type=\"hidden\" name=\"trp-form-language\" value=\"vi\"\/><\/form>\r\n          <\/div>\r\n\r\n        \r\n      \r\n      \r\n      <\/div>\r\n\r\n    \r\n    \n\n<p class=\"wpcf7-subscribers-only\">This contact form is available only for logged in users.<\/p>","protected":false},"excerpt":{"rendered":"","protected":false},"author":1,"featured_media":0,"parent":0,"menu_order":0,"comment_status":"closed","ping_status":"closed","template":"","meta":{"footnotes":""},"class_list":["post-50012","page","type-page","status-publish","hentry"],"yoast_head":"<!-- This site is optimized with the Yoast SEO plugin v24.2 - https:\/\/yoast.com\/wordpress\/plugins\/seo\/ -->\n<title>Affiliate Registration - AI Algotrading Course by Jobot Invest<\/title>\n<meta name=\"robots\" content=\"index, follow, max-snippet:-1, max-image-preview:large, max-video-preview:-1\" \/>\n<link rel=\"canonical\" href=\"https:\/\/jobotinvest.net\/vi\/dang-ky-lien-ket\/\" \/>\n<meta property=\"og:locale\" content=\"vi_VN\" \/>\n<meta property=\"og:type\" content=\"article\" \/>\n<meta property=\"og:title\" content=\"Affiliate Registration - AI Algotrading Course by Jobot Invest\" \/>\n<meta property=\"og:url\" content=\"https:\/\/jobotinvest.net\/vi\/dang-ky-lien-ket\/\" \/>\n<meta property=\"og:site_name\" content=\"AI Algotrading Course by Jobot Invest\" \/>\n<meta property=\"article:modified_time\" content=\"2025-01-23T08:40:26+00:00\" \/>\n<meta name=\"twitter:card\" content=\"summary_large_image\" \/>\n<meta name=\"twitter:label1\" content=\"\u01af\u1edbc t\u00ednh th\u1eddi gian \u0111\u1ecdc\" \/>\n\t<meta name=\"twitter:data1\" content=\"1 ph\u00fat\" \/>\n<script type=\"application\/ld+json\" class=\"yoast-schema-graph\">{\"@context\":\"https:\/\/schema.org\",\"@graph\":[{\"@type\":\"WebPage\",\"@id\":\"https:\/\/jobotinvest.net\/affiliate-registration\/\",\"url\":\"https:\/\/jobotinvest.net\/affiliate-registration\/\",\"name\":\"Affiliate Registration - AI Algotrading Course by Jobot Invest\",\"isPartOf\":{\"@id\":\"https:\/\/jobotinvest.net\/#website\"},\"datePublished\":\"2024-10-05T15:21:45+00:00\",\"dateModified\":\"2025-01-23T08:40:26+00:00\",\"breadcrumb\":{\"@id\":\"https:\/\/jobotinvest.net\/affiliate-registration\/#breadcrumb\"},\"inLanguage\":\"vi\",\"potentialAction\":[{\"@type\":\"ReadAction\",\"target\":[\"https:\/\/jobotinvest.net\/affiliate-registration\/\"]}]},{\"@type\":\"BreadcrumbList\",\"@id\":\"https:\/\/jobotinvest.net\/affiliate-registration\/#breadcrumb\",\"itemListElement\":[{\"@type\":\"ListItem\",\"position\":1,\"name\":\"Home\",\"item\":\"https:\/\/jobotinvest.net\/ar\/\"},{\"@type\":\"ListItem\",\"position\":2,\"name\":\"Affiliate Registration\"}]},{\"@type\":\"WebSite\",\"@id\":\"https:\/\/jobotinvest.net\/#website\",\"url\":\"https:\/\/jobotinvest.net\/\",\"name\":\"AI Algotrading Course by Jobot Invest\",\"description\":\"Learn to create automated trading robots on MT4 and MT5 without coding.\",\"potentialAction\":[{\"@type\":\"SearchAction\",\"target\":{\"@type\":\"EntryPoint\",\"urlTemplate\":\"https:\/\/jobotinvest.net\/?s={search_term_string}\"},\"query-input\":{\"@type\":\"PropertyValueSpecification\",\"valueRequired\":true,\"valueName\":\"search_term_string\"}}],\"inLanguage\":\"vi\"}]}<\/script>\n<!-- \/ Yoast SEO plugin. -->","yoast_head_json":{"title":"Affiliate Registration - AI Algotrading Course by Jobot Invest","robots":{"index":"index","follow":"follow","max-snippet":"max-snippet:-1","max-image-preview":"max-image-preview:large","max-video-preview":"max-video-preview:-1"},"canonical":"https:\/\/jobotinvest.net\/vi\/dang-ky-lien-ket\/","og_locale":"vi_VN","og_type":"article","og_title":"Affiliate Registration - AI Algotrading Course by Jobot Invest","og_url":"https:\/\/jobotinvest.net\/vi\/dang-ky-lien-ket\/","og_site_name":"AI Algotrading Course by Jobot Invest","article_modified_time":"2025-01-23T08:40:26+00:00","twitter_card":"summary_large_image","twitter_misc":{"\u01af\u1edbc t\u00ednh th\u1eddi gian \u0111\u1ecdc":"1 ph\u00fat"},"schema":{"@context":"https:\/\/schema.org","@graph":[{"@type":"WebPage","@id":"https:\/\/jobotinvest.net\/affiliate-registration\/","url":"https:\/\/jobotinvest.net\/affiliate-registration\/","name":"Affiliate Registration - AI Algotrading Course by Jobot Invest","isPartOf":{"@id":"https:\/\/jobotinvest.net\/#website"},"datePublished":"2024-10-05T15:21:45+00:00","dateModified":"2025-01-23T08:40:26+00:00","breadcrumb":{"@id":"https:\/\/jobotinvest.net\/affiliate-registration\/#breadcrumb"},"inLanguage":"vi","potentialAction":[{"@type":"ReadAction","target":["https:\/\/jobotinvest.net\/affiliate-registration\/"]}]},{"@type":"BreadcrumbList","@id":"https:\/\/jobotinvest.net\/affiliate-registration\/#breadcrumb","itemListElement":[{"@type":"ListItem","position":1,"name":"Home","item":"https:\/\/jobotinvest.net\/ar\/"},{"@type":"ListItem","position":2,"name":"Affiliate Registration"}]},{"@type":"WebSite","@id":"https:\/\/jobotinvest.net\/#website","url":"https:\/\/jobotinvest.net\/","name":"AI Algotrading Course by Jobot Invest","description":"Learn to create automated trading robots on MT4 and MT5 without coding.","potentialAction":[{"@type":"SearchAction","target":{"@type":"EntryPoint","urlTemplate":"https:\/\/jobotinvest.net\/?s={search_term_string}"},"query-input":{"@type":"PropertyValueSpecification","valueRequired":true,"valueName":"search_term_string"}}],"inLanguage":"vi"}]}},"_links":{"self":[{"href":"https:\/\/jobotinvest.net\/vi\/wp-json\/wp\/v2\/pages\/50012","targetHints":{"allow":["GET"]}}],"collection":[{"href":"https:\/\/jobotinvest.net\/vi\/wp-json\/wp\/v2\/pages"}],"about":[{"href":"https:\/\/jobotinvest.net\/vi\/wp-json\/wp\/v2\/types\/page"}],"author":[{"embeddable":true,"href":"https:\/\/jobotinvest.net\/vi\/wp-json\/wp\/v2\/users\/1"}],"replies":[{"embeddable":true,"href":"https:\/\/jobotinvest.net\/vi\/wp-json\/wp\/v2\/comments?post=50012"}],"version-history":[{"count":5,"href":"https:\/\/jobotinvest.net\/vi\/wp-json\/wp\/v2\/pages\/50012\/revisions"}],"predecessor-version":[{"id":54691,"href":"https:\/\/jobotinvest.net\/vi\/wp-json\/wp\/v2\/pages\/50012\/revisions\/54691"}],"wp:attachment":[{"href":"https:\/\/jobotinvest.net\/vi\/wp-json\/wp\/v2\/media?parent=50012"}],"curies":[{"name":"wp","href":"https:\/\/api.w.org\/{rel}","templated":true}]}}